{"id":2,"date":"2016-05-10T03:48:21","date_gmt":"2016-05-10T03:48:21","guid":{"rendered":"http:\/\/vfr-scheidental.de\/?page_id=2"},"modified":"2026-01-04T11:48:30","modified_gmt":"2026-01-04T10:48:30","slug":"sample-page","status":"publish","type":"page","link":"https:\/\/vfr-scheidental.de\/?page_id=2","title":{"rendered":"Geschichte"},"content":{"rendered":"<p><span style=\"color: #333333;\">Am 25. Mai 1946 wurde der Verein von 55 Personen im Gasthaus \u201eZum L\u00f6wen\u201c gegr\u00fcndet. Der 1. Vorsitzende war Walter Strittmatter, der auch den Leitspruch des Vereins: \u201esportlich denken, leben, handeln\u201c pr\u00e4gte.<\/span><\/p>\n<p><span style=\"color: #333333;\">Der Sportplatz war im \u201eSautrieb\u201c. Das erste Verbandspiel gegen Mudau wurde zwar gewonnen, aber wegen der runden Torstangen legte Mudau Protest ein und das Spiel wurde im Nachhinein annulliert.<\/span><\/p>\n<p><span style=\"color: #333333;\">Das erste Sportfest war im Jahr 1950.<\/span><\/p>\n<p><span style=\"color: #333333;\">Zwischen den Jahren 1952 und 1963 war wegen Spielermangel der Spielbetrieb eingestellt.<\/span><\/p>\n<p><span style=\"color: #333333;\">Im Jahre 1963 wurde zuerst wieder mit einer A-Jugendmannschaft mit Spielern aus Donebach, Reisenbach, Steinbach und Scheidental begonnen und ab 1965 nahm man wieder mit einer Seniorenmannschaft an der Verbandsrunde teil. Ab der Runde 1968 wurde wegen der k\u00fcrzeren Fahrten in den Sportkreis Mosbach gewechselt.<\/span><\/p>\n<p><span style=\"color: #333333;\">Von 1973 \u2013 1980 wurden auf einem Ausweichplatz in Unterscheidental die Spiele ausgetragen und die j\u00e4hrlichen Sportfeste abgehalten.<\/span><\/p>\n<p><span style=\"color: #333333;\">Im Jahr 1976 konnte die erste Meisterschaft errungen werden. Der VfR wurde auf heimischem Sportplatz Gemeindepokalsieger der Gemeinde Mudau. Dieser Erfolg konnte bis heute noch dreimal wiederholt werden.<\/span><\/p>\n<p><span style=\"color: #333333;\">Mit dem Bau des jetzigen Sportplatzes wurde 1977 begonnen. Im Jahr 1980 wurde dieser offiziell von der Gemeinde Mudau an den VfR Scheidental \u00fcbergeben.<\/span><\/p>\n<p><span style=\"color: #333333;\">Das Sportheim wurde 1981 eingeweiht und 1986 auch ein Trainingsplatz.\u00a0 Auf Grund der Gr\u00fcndung einer Gymnastikabteilung 1982, in der zur Zeit zwischen 80 \u2013 100 Personen w\u00f6chentlich \u00dcbungen abhalten, waren die R\u00e4umlichkeiten im alten Sportheim zu eng. So wurde 1989 der Gymnastikraum und der Schankraum auf die heutige Gr\u00f6\u00dfe erweitert. Auch wurde ein Kinderspielplatz angelegt. Sein 50-j\u00e4hriges Bestehen feierte der VfR 1996 mit einem Festbankett. Da f\u00fcr den Bau des Jugendraumes als Ersatz f\u00fcr die abgerissene &#8222;Hirschbar&#8220; das Gel\u00e4nde des Spielplatzes gebraucht wurde, musste wieder ein neuer Spielplatz mit der jetzigen Gr\u00f6\u00dfe angelegt werden. Dieser wurde 2005 eingeweiht. Das 75-j\u00e4hrige Vereinsjubil\u00e4um feierten wir pandemiebedingt um ein Jahr verz\u00f6gert mit einem Festbankett im Rahmen des Sportfestes 2022.<\/span><\/p>\n<p><span style=\"color: #333333;\">Nat\u00fcrlich konnte das gesamte Sportgel\u00e4nde nur gebaut und unterhalten werden durch viele Eigenleistungen. Auf diese Anlage k\u00f6nnen wir deshalb besonders stolz sein.<\/span><\/p>\n<p><span style=\"color: #333333;\">Im Jugendbereich arbeiten wir\u00a0mit den Nachbarvereinen FC Donebach, TSV Mudau, TV Reisenbach und FC Schlo\u00dfau zusammen. Auch hier konnten viele Meisterschaften errungen werden.<\/span><\/p>\n<p><span style=\"color: #333333;\">Im Herrenspielbetrieb konnten wir bis jetzt vier Meisterschaften erringen. Der gr\u00f6\u00dfte Erfolg der Fu\u00dfballer war 2008 der Aufstieg in die Kreisliga.<\/span><\/p>\n<p><span style=\"color: #333333;\">Der demografische Wandel ist auch an unserem kleinen Ort nicht spurlos vor\u00fcbergegangen. Und so kooperierten wir von der Saison 2013\/2014 bis zur Saison 2023\/2024 im Herrenbereich mit dem SV Wagenschwend in einer Spielgemeinschaft. Gemeinsam mit dem SV Wagenschwend errangen wir 2020 die Meisterschaft der Kreisliga Mosbach, was gleichzeitig den Aufstieg in die Landesliga Odenwald bedeutete.<br \/>\n<\/span><\/p>\n<p><span style=\"color: #000000;\">Seit der Saison 2024\/2025 bilden wir eine Spielgemeinschaft mit dem TSV Mudau, siehe Fu\u00dfball Herren. Gleichzeitig sind wir wieder in den Fu\u00dfballkreis Buchen zur\u00fcckgekehrt.<br \/>\n<\/span><\/p>\n<p><span style=\"color: #333333;\">Der Verein hat zur Zeit 354 Mitglieder (im Januar 2026). Bis jetzt wurde er von 13 verschiedenen 1. Vorsitzenden gef\u00fchrt. Seit der Satzungs\u00e4nderung im M\u00e4rz 2014 steht ein Team aus vier gleichberechtigten Vorsitzenden an der Spitze des Vereins.<\/span><\/p>\n","protected":false},"excerpt":{"rendered":"<p>Am 25. Mai 1946 wurde der Verein von 55 Personen im Gasthaus \u201eZum L\u00f6wen\u201c gegr\u00fcndet. Der 1. Vorsitzende war Walter Strittmatter, der auch den Leitspruch des Vereins: \u201esportlich denken, leben, handeln\u201c pr\u00e4gte. Der Sportplatz war im \u201eSautrieb\u201c. Das erste Verbandspiel gegen Mudau wurde zwar gewonnen, aber wegen der runden Torstangen legte Mudau Protest ein und [&hellip;]<\/p>\n","protected":false},"author":1,"featured_media":0,"parent":0,"menu_order":2,"comment_status":"closed","ping_status":"closed","template":"","meta":{"footnotes":""},"class_list":["post-2","page","type-page","status-publish","hentry"],"_links":{"self":[{"href":"https:\/\/vfr-scheidental.de\/index.php?rest_route=\/wp\/v2\/pages\/2","targetHints":{"allow":["GET"]}}],"collection":[{"href":"https:\/\/vfr-scheidental.de\/index.php?rest_route=\/wp\/v2\/pages"}],"about":[{"href":"https:\/\/vfr-scheidental.de\/index.php?rest_route=\/wp\/v2\/types\/page"}],"author":[{"embeddable":true,"href":"https:\/\/vfr-scheidental.de\/index.php?rest_route=\/wp\/v2\/users\/1"}],"replies":[{"embeddable":true,"href":"https:\/\/vfr-scheidental.de\/index.php?rest_route=%2Fwp%2Fv2%2Fcomments&post=2"}],"version-history":[{"count":32,"href":"https:\/\/vfr-scheidental.de\/index.php?rest_route=\/wp\/v2\/pages\/2\/revisions"}],"predecessor-version":[{"id":615,"href":"https:\/\/vfr-scheidental.de\/index.php?rest_route=\/wp\/v2\/pages\/2\/revisions\/615"}],"wp:attachment":[{"href":"https:\/\/vfr-scheidental.de\/index.php?rest_route=%2Fwp%2Fv2%2Fmedia&parent=2"}],"curies":[{"name":"wp","href":"https:\/\/api.w.org\/{rel}","templated":true}]}}