{"id":26,"date":"2018-03-23T16:46:24","date_gmt":"2018-03-23T16:46:24","guid":{"rendered":"http:\/\/vfr-scheidental.de\/?page_id=26"},"modified":"2025-08-06T15:35:00","modified_gmt":"2025-08-06T13:35:00","slug":"herzlich-willkommen-beim-vfr-scheidental","status":"publish","type":"page","link":"https:\/\/vfr-scheidental.de\/","title":{"rendered":"Herzlich Willkommen beim VfR Scheidental!"},"content":{"rendered":"\n<p><span style=\"color: #333333;\">Liebe Mitglieder und Anh\u00e4nger unseres Vereins,<\/span><\/p>\n\n\n\n<p><span style=\"color: #333333;\">auf diesen Seiten findet Ihr Wissenswertes rund um den Verein.<\/span><\/p>\n\n\n\n<p><span style=\"color: #333333;\">Scheidental liebt diesen Verein, der \u00fcber 330 Mitglieder bei gerade mal 430 Einwohnern hat.<\/span><\/p>\n\n\n\n<p><span style=\"color: #333333;\">Das Fu\u00dfballteam spielt ab der Saison 2024\/2025 in einer Kooperation mit dem TSV Mudau 2, seit dem Aufstieg 2025 in der Kreisliga Buchen. Im Jugendbereich bilden wir zusammen mit dem FC Donebach, TSV Mudau, TV Reisenbach und FC Schlo\u00dfau eine Spielgemeinschaft.<\/span><\/p>\n\n\n\n<p><span style=\"color: #333333;\">Damengymnastik in verschiedenen Altersklassen, Kinderturn- und Spielgruppen sowie eine Aerobicgruppe und eine M\u00e4nnergymnastikgruppe sorgen daf\u00fcr, dass sich in Scheidental fast alle sportlich bet\u00e4tigen k\u00f6nnen.<\/span><\/p>\n\n\n\n<p><span style=\"color: #333333;\">Der VfR Scheidental zeichnet sich insbesondere durch das Durchf\u00fchren von gro\u00dfen Veranstaltungen aus. Am j\u00e4hrlichen Sportfest und an der Fastnachtsveranstaltung sind alle mit gro\u00dfem Einsatz beteiligt.<\/span><\/p>\n\n\n\n<p><span style=\"color: #333333;\">Die in der 1980er Jahren entstandene sch\u00f6ne Sportanlage wird gut genutzt und es ist uns ein besonderes Anliegen, sie in einem optimalen Zustand zu halten.<\/span><\/p>\n\n\n\n<p><span style=\"color: #333333;\">Wir bedanken uns f\u00fcr den Besuch und hoffen, unsere Informationen auf dieser Seite haben euch weitergeholfen.<\/span><\/p>\n\n\n\n<p><span style=\"color: #333333;\">Die Vorstandschaft<\/span><\/p>\n","protected":false},"excerpt":{"rendered":"<p>Liebe Mitglieder und Anh\u00e4nger unseres Vereins, auf diesen Seiten findet Ihr Wissenswertes rund um den Verein. Scheidental liebt diesen Verein, der \u00fcber 330 Mitglieder bei gerade mal 430 Einwohnern hat. Das Fu\u00dfballteam spielt ab der Saison 2024\/2025 in einer Kooperation mit dem TSV Mudau 2, seit dem Aufstieg 2025 in der Kreisliga Buchen. Im Jugendbereich [&hellip;]<\/p>\n","protected":false},"author":1,"featured_media":0,"parent":0,"menu_order":1,"comment_status":"closed","ping_status":"closed","template":"","meta":{"footnotes":""},"class_list":["post-26","page","type-page","status-publish","hentry"],"_links":{"self":[{"href":"https:\/\/vfr-scheidental.de\/index.php?rest_route=\/wp\/v2\/pages\/26","targetHints":{"allow":["GET"]}}],"collection":[{"href":"https:\/\/vfr-scheidental.de\/index.php?rest_route=\/wp\/v2\/pages"}],"about":[{"href":"https:\/\/vfr-scheidental.de\/index.php?rest_route=\/wp\/v2\/types\/page"}],"author":[{"embeddable":true,"href":"https:\/\/vfr-scheidental.de\/index.php?rest_route=\/wp\/v2\/users\/1"}],"replies":[{"embeddable":true,"href":"https:\/\/vfr-scheidental.de\/index.php?rest_route=%2Fwp%2Fv2%2Fcomments&post=26"}],"version-history":[{"count":48,"href":"https:\/\/vfr-scheidental.de\/index.php?rest_route=\/wp\/v2\/pages\/26\/revisions"}],"predecessor-version":[{"id":608,"href":"https:\/\/vfr-scheidental.de\/index.php?rest_route=\/wp\/v2\/pages\/26\/revisions\/608"}],"wp:attachment":[{"href":"https:\/\/vfr-scheidental.de\/index.php?rest_route=%2Fwp%2Fv2%2Fmedia&parent=26"}],"curies":[{"name":"wp","href":"https:\/\/api.w.org\/{rel}","templated":true}]}}