{"id":42,"date":"2018-03-23T17:06:22","date_gmt":"2018-03-23T17:06:22","guid":{"rendered":"http:\/\/vfr-scheidental.de\/?page_id=42"},"modified":"2024-09-15T12:14:29","modified_gmt":"2024-09-15T10:14:29","slug":"kinderturnen","status":"publish","type":"page","link":"https:\/\/vfr-scheidental.de\/?page_id=42","title":{"rendered":"Kinderturnen"},"content":{"rendered":"<h3><\/h3>\n<p><span style=\"color: #333333;\">In den Kindergruppen k\u00f6nnen die Kinder mit viel Spa\u00df ihren Bewegungsdrang ausleben. Bei den Kleinen stehen viele Spiele sowie erste \u00dcbungen auf dem Programm. Bei den Gr\u00f6\u00dferen werden die \u00dcbungen dann zunehmend komplexer.<\/span><\/p>\n<p><span style=\"color: #333333;\">Wichtig f\u00fcr alle Kinder ist die Erfahrung, Sport in der Gruppe zu machen.<\/span><\/p>\n<p><span style=\"color: #333333;\"><strong>Mutter-Kind-Turnen:<\/strong><\/span><br \/>\n<span style=\"color: #333333;\">\u00dcbungsleiterinnen: Denise Brenneis, Carolin Scheuermann und Silke Friedel<\/span><\/p>\n<p><span style=\"color: #333333;\"><strong>Turngruppe 3-6 Jahre:<\/strong><\/span><br \/>\n<span style=\"color: #333333;\">\u00dcbungsleiterin: Marina Krotz<\/span><\/p>\n<p><span style=\"color: #333333;\">\u00a0<\/span><\/p>\n","protected":false},"excerpt":{"rendered":"<p>In den Kindergruppen k\u00f6nnen die Kinder mit viel Spa\u00df ihren Bewegungsdrang ausleben. Bei den Kleinen stehen viele Spiele sowie erste \u00dcbungen auf dem Programm. Bei den Gr\u00f6\u00dferen werden die \u00dcbungen dann zunehmend komplexer. Wichtig f\u00fcr alle Kinder ist die Erfahrung, Sport in der Gruppe zu machen. Mutter-Kind-Turnen: \u00dcbungsleiterinnen: Denise Brenneis, Carolin Scheuermann und Silke Friedel [&hellip;]<\/p>\n","protected":false},"author":1,"featured_media":0,"parent":0,"menu_order":7,"comment_status":"closed","ping_status":"closed","template":"","meta":{"footnotes":""},"class_list":["post-42","page","type-page","status-publish","hentry"],"_links":{"self":[{"href":"https:\/\/vfr-scheidental.de\/index.php?rest_route=\/wp\/v2\/pages\/42","targetHints":{"allow":["GET"]}}],"collection":[{"href":"https:\/\/vfr-scheidental.de\/index.php?rest_route=\/wp\/v2\/pages"}],"about":[{"href":"https:\/\/vfr-scheidental.de\/index.php?rest_route=\/wp\/v2\/types\/page"}],"author":[{"embeddable":true,"href":"https:\/\/vfr-scheidental.de\/index.php?rest_route=\/wp\/v2\/users\/1"}],"replies":[{"embeddable":true,"href":"https:\/\/vfr-scheidental.de\/index.php?rest_route=%2Fwp%2Fv2%2Fcomments&post=42"}],"version-history":[{"count":14,"href":"https:\/\/vfr-scheidental.de\/index.php?rest_route=\/wp\/v2\/pages\/42\/revisions"}],"predecessor-version":[{"id":581,"href":"https:\/\/vfr-scheidental.de\/index.php?rest_route=\/wp\/v2\/pages\/42\/revisions\/581"}],"wp:attachment":[{"href":"https:\/\/vfr-scheidental.de\/index.php?rest_route=%2Fwp%2Fv2%2Fmedia&parent=42"}],"curies":[{"name":"wp","href":"https:\/\/api.w.org\/{rel}","templated":true}]}}