{"id":92,"date":"2018-03-24T09:29:09","date_gmt":"2018-03-24T08:29:09","guid":{"rendered":"http:\/\/vfr-scheidental.de\/?page_id=92"},"modified":"2023-08-09T13:14:53","modified_gmt":"2023-08-09T11:14:53","slug":"kontakt","status":"publish","type":"page","link":"https:\/\/vfr-scheidental.de\/?page_id=92","title":{"rendered":"Kontakt"},"content":{"rendered":"\n<p><span style=\"color: #333333;\"><strong>Postanschrift:<br><\/strong>VfR Scheidental e.V.<\/span><br><span style=\"color: #333333;\">Frank Brenneis<\/span><br><span style=\"color: #333333;\">Elzblick 5<\/span><br><span style=\"color: #333333;\">69427 Mudau<\/span><\/p>\n\n\n\n<p><span style=\"color: #333333;\"><strong>Sportheim:<br><\/strong>Kastellstra\u00dfe 11<\/span><br><span style=\"color: #333333;\">Tel.: 06284 \/ 7112<\/span><\/p>\n\n\n\n<p><strong><span style=\"color: #333333;\">email:<\/span><br><\/strong><a href=\"mailto:info@vfr-scheidental.de\">info@vfr-scheidental.de<\/a><\/p>\n\n\n\n<p><span style=\"background-color:rgba(0, 0, 0, 0)\" class=\"has-inline-color has-black-color\"><strong>An alle Sammler von Vereinsnadeln usw.:<\/strong><br>Da wir st\u00e4ndig Anfragen erhalten, k\u00f6nnen wir diesem Wunsch leider nicht nachkommen. Wir bitten um Verst\u00e4ndnis.<\/span><span style=\"display: inline !important; float: none; background-color: transparent; color: #333333; cursor: text; font-family: 'Open Sans', sans-serif; font-size: 14px; font-style: normal; font-variant: normal; font-weight: 400; letter-spacing: normal; text-align: left; text-decoration: none; text-indent: 0px; text-transform: none; -webkit-text-stroke-width: 0px; white-space: normal; word-spacing: 0px; overflow-wrap: break-word;\"><br><\/span><\/p>\n","protected":false},"excerpt":{"rendered":"<p>Postanschrift:VfR Scheidental e.V.Frank BrenneisElzblick 569427 Mudau Sportheim:Kastellstra\u00dfe 11Tel.: 06284 \/ 7112 email:info@vfr-scheidental.de An alle Sammler von Vereinsnadeln usw.:Da wir st\u00e4ndig Anfragen erhalten, k\u00f6nnen wir diesem Wunsch leider nicht nachkommen. Wir bitten um Verst\u00e4ndnis.<\/p>\n","protected":false},"author":1,"featured_media":0,"parent":0,"menu_order":9,"comment_status":"closed","ping_status":"closed","template":"","meta":{"footnotes":""},"class_list":["post-92","page","type-page","status-publish","hentry"],"_links":{"self":[{"href":"https:\/\/vfr-scheidental.de\/index.php?rest_route=\/wp\/v2\/pages\/92","targetHints":{"allow":["GET"]}}],"collection":[{"href":"https:\/\/vfr-scheidental.de\/index.php?rest_route=\/wp\/v2\/pages"}],"about":[{"href":"https:\/\/vfr-scheidental.de\/index.php?rest_route=\/wp\/v2\/types\/page"}],"author":[{"embeddable":true,"href":"https:\/\/vfr-scheidental.de\/index.php?rest_route=\/wp\/v2\/users\/1"}],"replies":[{"embeddable":true,"href":"https:\/\/vfr-scheidental.de\/index.php?rest_route=%2Fwp%2Fv2%2Fcomments&post=92"}],"version-history":[{"count":13,"href":"https:\/\/vfr-scheidental.de\/index.php?rest_route=\/wp\/v2\/pages\/92\/revisions"}],"predecessor-version":[{"id":541,"href":"https:\/\/vfr-scheidental.de\/index.php?rest_route=\/wp\/v2\/pages\/92\/revisions\/541"}],"wp:attachment":[{"href":"https:\/\/vfr-scheidental.de\/index.php?rest_route=%2Fwp%2Fv2%2Fmedia&parent=92"}],"curies":[{"name":"wp","href":"https:\/\/api.w.org\/{rel}","templated":true}]}}